{"id":333,"date":"2015-04-27T11:41:51","date_gmt":"2015-04-27T11:41:51","guid":{"rendered":"http:\/\/www.ex-o-tic.com\/v3\/?page_id=333"},"modified":"2022-05-30T19:18:55","modified_gmt":"2022-05-30T19:18:55","slug":"forfait","status":"publish","type":"page","link":"https:\/\/www.ex-o-tic.com\/v3\/forfait\/","title":{"rendered":"Forfaits"},"content":{"rendered":"<p><div class=\"clearfix\"><\/div>\r\n          <section class=\"inner-section clearfix \" ><div class=\"container\"><div class=\"row \" ><div class=\"layout-column col-md-12 align-center animated\" data-fx=\"bounceInDown\"><\/p>\n<p><img loading=\"lazy\" class=\"aligncenter size-full wp-image-15\" src=\"http:\/\/www.ex-o-tic.com\/v3\/wp-content\/uploads\/2015\/04\/Logo-rond.png\" alt=\"piscines\" width=\"203\" height=\"203\" \/><\/p>\n<p><\/div><\/div><\/div><\/section>\r\n          <div class=\"clearfix\"><\/div><div class=\"clearfix\"><\/div>\r\n          <section class=\"inner-section clearfix \" ><div class=\"container\"><div class=\"row \" ><div class=\"layout-column col-md-12 align-center add-top-small uppercase dark-txt light-heading large-txt animated\" data-fx=\"flipInX\">Forfaits d&rsquo;entretien<\/div><\/div><\/div><\/section>\r\n          <div class=\"clearfix\"><\/div><div class=\"clearfix\"><\/div>\r\n          <section class=\"inner-section clearfix add-top-small\" ><div class=\"container\"><div class=\"row \" ><div class=\"layout-column col-md-12 border-top-light border-bottom-light bold-heading dark-txt medium-txt uppercase align-center pad-top-small pad-bottom-small animated\" data-fx=\"pulse\"><div class=\"text-rotator highlight-txt\" ><span class=\"rotate\">\u00a0Forfait Sunset, Forfait Cocktail, Forfait Hamac, Forfait Zen, Forfait Coco, Forfait Beach<\/span><\/div><\/div><\/div><\/div><\/section>\r\n          <div class=\"clearfix\"><\/div><div class=\"clearfix\"><\/div>\r\n          <section class=\"inner-section clearfix add-top-medium\" ><div class=\"container\"><div class=\"row \" ><div class=\"layout-column col-md-8 \" ><h3 class=\" \" >Six forfaits modulables<\/h3><\/p>\n<p>Vous \u00eates actif, retrait\u00e9, vous louez un bien avec piscine, ou tout simplement vous \u00eates absent \u00e0 une p\u00e9riode de l\u2019ann\u00e9e, alors n&rsquo;h\u00e9sitez pas \u00e0 confier l&rsquo;entretien de votre bien \u00e0 un professionnel.<\/p>\n<p>Nous vous proposons une qualit\u00e9 de service irr\u00e9prochable et identique \u00e0 chaque intervention. Nous intervenons \u00e0 date fixe chez vous en respectant les protocoles d\u2019entretien d\u00e9finis ensemble et nous vous faisons un rapport de chaque passage.<\/p>\n<p>Une majoration sera appliqu\u00e9e au d\u00e9placement selon l&rsquo;acc\u00e8s et la distance.<\/p>\n<p><\/div><div class=\"layout-column col-md-4 \" ><h3 class=\" \" >Points cl\u00e9s<\/h3><\/p>\n<div class=\"layout-column col-md-12 light-grey-bg dark-txt pad-over-small\" >Produits de qualit\u00e9<\/div>\n<div class=\"layout-column col-md-12 light-grey-bg dark-txt pad-over-small add-top-v-small\" >Prestation de qualit\u00e9<\/div>\n<div class=\"layout-column col-md-12 light-grey-bg dark-txt pad-over-small add-top-v-small\" >Modulable<\/div>\n<div class=\"layout-column col-md-12 light-grey-bg dark-txt pad-over-small add-top-v-small\" >Adaptable<\/div>\n<p><\/div><\/div><\/div><\/section>\r\n          <div class=\"clearfix\"><\/div><\/p>\n\t\t<script type=\"text\/javascript\">\n\t\t jQuery(document).ready(function($) {    \n\t\t   \n\t\t  $('.ptp-plan').matchHeight(false); \n\t\t  $('.ptp-cta').matchHeight(false); \n\t\t  $('.ptp-price').matchHeight(false);\n\t\t  $('.ptp-button').matchHeight(false);\n\t\t  \n\t\t  $('.ptp-bullet-item').each(function( index ){\n\t\t\t  $('.ptp-row-id-'+index).matchHeight(false);\n\t\t\t \n\t\t\t});\n\t\t  \n\t\t   \n\t\t  \n\t\t });\n\t  <\/script>\n\t  \n\t\t<style type=\"text\/css\"> #ptp-373 div.ptp-item-container{border-radius:5px;padding:0;margin-left:0;margin-right:0}#ptp-373 div.ptp-item-container div{margin:0}#ptp-373 div.ptp-plan{border-top-right-radius:5px;border-top-left-radius:5px;font-size:1em;padding:.9375em 1.25em}#ptp-373 div.ptp-price{font-size:1.25em;padding:.9375em 1.25em}#ptp-373 div.ptp-cta{border-bottom-right-radius:5px;border-bottom-left-radius:5px;padding-top:1.25em;padding-bottom:1.25em}#ptp-373 a.ptp-button{border-radius:5px;font-size:1em;color:#fff;background-color:#3498db;border-bottom:#2980b9 4px solid;margin:0}#ptp-373 a.ptp-button:hover{background-color:#2980b9}div#ptp-373 .ptp-highlight a.ptp-button{color:#fff;background-color:#e74c3c;border-bottom:#c0392b 4px solid}div#ptp-373 .ptp-highlight a.ptp-button:hover{background-color:#c0392b}#ptp-373 div.ptp-bullet-item{font-size:.875em;padding:.9375em .5em .9375em .5em}#ptp-373 div.ptp-most-popular{border-radius:5px;font-size:.9em}<\/style><div id=\"ptp-373\" class=\"ptp-pricing-table\" >\n\t\t<div class=\"ptp-col ptp-six-col  ptp-col-id-0\"><div class=\"ptp-not-most-popular\">&nbsp;<\/div><div class=\"ptp-item-container\"><div class=\"ptp-plan\">Beach<\/div> <div class=\"ptp-price\">70 \u20ac  \/ Heure<\/div><div class=\"ptp-bullet-item ptp-row-id-0\"><img src=\"http:\/\/www.ex-o-tic.com\/v3\/wp-content\/uploads\/2015\/04\/beach.jpg\"><\/div><div class=\"ptp-bullet-item ptp-row-id-1\">Forfait \u00e0 l'heure<\/div><div class=\"ptp-bullet-item ptp-row-id-2\">Tarif pour une heure suppl\u00e9mentaire une fois sur place: 55 \u20ac TTC<\/div><div class=\"ptp-bullet-item ptp-row-id-3 tt-ptp-empty-row\">&nbsp;<\/div><div class=\"ptp-cta\"><a class=\"ptp-button\" id=\"ptp-373-cta-0\" href=\"http:\/\/www.ex-o-tic.com\/v3#contact\">Plus d'infos<\/a><\/div><\/div><\/div>\n\t\t<div class=\"ptp-col ptp-six-col  ptp-col-id-1\"><div class=\"ptp-not-most-popular\">&nbsp;<\/div><div class=\"ptp-item-container\"><div class=\"ptp-plan\">Coco<\/div> <div class=\"ptp-price\">435 \u20ac \/ an<\/div><div class=\"ptp-bullet-item ptp-row-id-0\"><img src=\"http:\/\/www.ex-o-tic.com\/v3\/wp-content\/uploads\/2015\/04\/coco.jpg\"><\/div><div class=\"ptp-bullet-item ptp-row-id-1\">4 visites par an<\/div><div class=\"ptp-bullet-item ptp-row-id-2\">2 pour la pose et la d\u00e9pose de la couverture d\u2019hiver<\/div><div class=\"ptp-bullet-item ptp-row-id-3\">2 visites pour les tests et nettoyage du bassin<\/div><div class=\"ptp-cta\"><a class=\"ptp-button\" id=\"ptp-373-cta-1\" href=\"http:\/\/www.ex-o-tic.com\/v3#contact\">Plus d'infos<\/a><\/div><\/div><\/div>\n\t\t<div class=\"ptp-col ptp-six-col ptp-highlight ptp-col-id-2\"><div class=\"ptp-most-popular\">Le plus populaire<\/div><div class=\"ptp-item-container\"><div class=\"ptp-plan\">Zen<\/div> <div class=\"ptp-price\">840 \u20ac \/ an<\/div><div class=\"ptp-bullet-item ptp-row-id-0\"><img src=\"http:\/\/www.ex-o-tic.com\/v3\/wp-content\/uploads\/2015\/04\/zen.jpg\"><\/div><div class=\"ptp-bullet-item ptp-row-id-1\">12 visites par an<\/div><div class=\"ptp-bullet-item ptp-row-id-2\">8 entre Mai et Octobre<\/div><div class=\"ptp-bullet-item ptp-row-id-3\">4 entre Novembre et Avril<\/div><div class=\"ptp-cta\"><a class=\"ptp-button\" id=\"ptp-373-cta-2\" href=\"http:\/\/www.ex-o-tic.com\/v3#contact\">Plus d'infos<\/a><\/div><\/div><\/div>\n\t\t<div class=\"ptp-col ptp-six-col  ptp-col-id-3\"><div class=\"ptp-not-most-popular\">&nbsp;<\/div><div class=\"ptp-item-container\"><div class=\"ptp-plan\">Hamac<\/div> <div class=\"ptp-price\">1540 \u20ac \/ an<\/div><div class=\"ptp-bullet-item ptp-row-id-0\"><img src=\"http:\/\/www.ex-o-tic.com\/v3\/wp-content\/uploads\/2015\/04\/hamac.jpg\"><\/div><div class=\"ptp-bullet-item ptp-row-id-1\">22 visites par an<\/div><div class=\"ptp-bullet-item ptp-row-id-2\">18 entre Mai et Octobre<\/div><div class=\"ptp-bullet-item ptp-row-id-3\">4 entre Novembre et Avril<\/div><div class=\"ptp-cta\"><a class=\"ptp-button\" id=\"ptp-373-cta-3\" href=\"http:\/\/www.ex-o-tic.com\/v3#contact\">Plus d'infos<\/a><\/div><\/div><\/div>\n\t\t<div class=\"ptp-col ptp-six-col  ptp-col-id-4\"><div class=\"ptp-not-most-popular\">&nbsp;<\/div><div class=\"ptp-item-container\"><div class=\"ptp-plan\">Cocktail<\/div> <div class=\"ptp-price\">1820 \u20ac \/ an<\/div><div class=\"ptp-bullet-item ptp-row-id-0\"><img src=\"http:\/\/www.ex-o-tic.com\/v3\/wp-content\/uploads\/2015\/04\/cocktail.jpg\"><\/div><div class=\"ptp-bullet-item ptp-row-id-1\">26 visites par an<\/div><div class=\"ptp-bullet-item ptp-row-id-2\">20 entre Mai et Octobre<\/div><div class=\"ptp-bullet-item ptp-row-id-3\">6 entre Novembre et Avril<\/div><div class=\"ptp-cta\"><a class=\"ptp-button\" id=\"ptp-373-cta-4\" href=\"http:\/\/www.ex-o-tic.com\/v3#contact\">Plus d'infos<\/a><\/div><\/div><\/div>\n\t\t<div class=\"ptp-col ptp-six-col  ptp-col-id-5\"><div class=\"ptp-not-most-popular\">&nbsp;<\/div><div class=\"ptp-item-container\"><div class=\"ptp-plan\">Sunset<\/div> <div class=\"ptp-price\">2800 \u20ac \/ an<\/div><div class=\"ptp-bullet-item ptp-row-id-0\"><img src=\"http:\/\/www.ex-o-tic.com\/v3\/wp-content\/uploads\/2015\/04\/sunset.jpg\"><\/div><div class=\"ptp-bullet-item ptp-row-id-1\">40 visites par an<\/div><div class=\"ptp-bullet-item ptp-row-id-2\">34 entre Mai et Octobre<\/div><div class=\"ptp-bullet-item ptp-row-id-3\">6 entre Novembre et Avril<\/div><div class=\"ptp-cta\"><a class=\"ptp-button\" id=\"ptp-373-cta-5\" href=\"http:\/\/www.ex-o-tic.com\/v3#contact\">Plus d'infos<\/a><\/div><\/div><\/div><\/div>\n<div class=\"clearfix\"><\/div>\r\n          <section class=\"inner-section clearfix add-top-half align-center\" ><div class=\"container\"><div class=\"row \" ><div class=\"layout-column col-md-12 \" ><nav class=\"cl-effect-10 btn-dignity-animated\"><a data-hover=\"Accueil\" href=\"http:\/\/www.ex-o-tic.com\/v3#services\" class=\"\" ><span>Retour ?<\/span><\/a><\/nav><\/div><\/div><\/div><\/section>\r\n          <div class=\"clearfix\"><\/div>\n","protected":false},"excerpt":{"rendered":"","protected":false},"author":1,"featured_media":0,"parent":0,"menu_order":0,"comment_status":"closed","ping_status":"open","template":"fullwidth-page.php","meta":{"_mi_skip_tracking":false},"_links":{"self":[{"href":"https:\/\/www.ex-o-tic.com\/v3\/wp-json\/wp\/v2\/pages\/333"}],"collection":[{"href":"https:\/\/www.ex-o-tic.com\/v3\/wp-json\/wp\/v2\/pages"}],"about":[{"href":"https:\/\/www.ex-o-tic.com\/v3\/wp-json\/wp\/v2\/types\/page"}],"author":[{"embeddable":true,"href":"https:\/\/www.ex-o-tic.com\/v3\/wp-json\/wp\/v2\/users\/1"}],"replies":[{"embeddable":true,"href":"https:\/\/www.ex-o-tic.com\/v3\/wp-json\/wp\/v2\/comments?post=333"}],"version-history":[{"count":29,"href":"https:\/\/www.ex-o-tic.com\/v3\/wp-json\/wp\/v2\/pages\/333\/revisions"}],"predecessor-version":[{"id":617,"href":"https:\/\/www.ex-o-tic.com\/v3\/wp-json\/wp\/v2\/pages\/333\/revisions\/617"}],"wp:attachment":[{"href":"https:\/\/www.ex-o-tic.com\/v3\/wp-json\/wp\/v2\/media?parent=333"}],"curies":[{"name":"wp","href":"https:\/\/api.w.org\/{rel}","templated":true}]}}