{"id":249,"date":"2015-04-08T21:38:30","date_gmt":"2015-04-08T21:38:30","guid":{"rendered":"http:\/\/www.ex-o-tic.com\/v3\/?page_id=249"},"modified":"2015-05-13T08:50:58","modified_gmt":"2015-05-13T08:50:58","slug":"newsletter","status":"publish","type":"page","link":"http:\/\/www.ex-o-tic.com\/v3\/newsletter\/","title":{"rendered":"Newsletter"},"content":{"rendered":"<p><div class=\"clearfix\"><\/div>\r\n          <section class=\"inner-section clearfix \" ><div class=\"container\"><div class=\"row \" ><div class=\"layout-column col-md-12 align-center animated\" data-fx=\"bounceInDown\"><\/p>\n<p><img loading=\"lazy\" class=\"aligncenter size-full wp-image-15\" src=\"http:\/\/www.ex-o-tic.com\/v3\/wp-content\/uploads\/2015\/04\/Logo-rond.png\" alt=\"piscines\" width=\"203\" height=\"203\" \/><\/p>\n<p><\/div><\/div><\/div><\/section>\r\n          <div class=\"clearfix\"><\/div><div class=\"clearfix\"><\/div>\r\n          <section class=\"inner-section clearfix \" ><div class=\"container\"><div class=\"row \" ><div class=\"layout-column col-md-12 align-center add-top-small uppercase dark-txt light-heading large-txt animated\" data-fx=\"flipInX\">S&rsquo;abonner \u00e0 la newsletter<\/div><\/div><\/div><\/section>\r\n          <div class=\"clearfix\"><\/div><div class=\"clearfix\"><\/div>\r\n          <section class=\"inner-section clearfix add-top-small\" ><div class=\"container\"><div class=\"row \" ><div class=\"layout-column col-md-12 border-top-light border-bottom-light bold-heading dark-txt medium-txt uppercase align-center pad-top-small pad-bottom-small animated\" data-fx=\"pulse\"><div class=\"text-rotator highlight-txt\" ><span class=\"rotate\">\u00a0Soyez au courant des nouveaut\u00e9s, Profitez des promotions, B\u00e9n\u00e9fiez d&rsquo;offres privil\u00e9gi\u00e9es<\/span><\/div><\/div><\/div><\/div><\/section>\r\n          <div class=\"clearfix\"><\/div><div class=\"clearfix\"><\/div>\r\n          <section class=\"inner-section clearfix add-top-medium\" ><div class=\"container\"><div class=\"row \" ><div class=\"layout-column col-md-8 \" ><h3 class=\" \" ><\/h3><\/p>\n<div class=\"widget_wysija_cont shortcode_wysija\"><div id=\"msg-form-wysija-shortcode69e04a594b62a-1\" class=\"wysija-msg ajax\"><\/div><form id=\"form-wysija-shortcode69e04a594b62a-1\" method=\"post\" action=\"#wysija\" class=\"widget_wysija shortcode_wysija\">\n<p class=\"wysija-paragraph\">\n    \n    \n    \t<input type=\"text\" name=\"wysija[user][firstname]\" class=\"wysija-input \" title=\"Pr\u00e9nom\" placeholder=\"Pr\u00e9nom\" value=\"\" \/>\n    \n    \n    \n    <span class=\"abs-req\">\n        <input type=\"text\" name=\"wysija[user][abs][firstname]\" class=\"wysija-input validated[abs][firstname]\" value=\"\" \/>\n    <\/span>\n    \n<\/p>\n<p class=\"wysija-paragraph\">\n    \n    \n    \t<input type=\"text\" name=\"wysija[user][lastname]\" class=\"wysija-input \" title=\"Nom\" placeholder=\"Nom\" value=\"\" \/>\n    \n    \n    \n    <span class=\"abs-req\">\n        <input type=\"text\" name=\"wysija[user][abs][lastname]\" class=\"wysija-input validated[abs][lastname]\" value=\"\" \/>\n    <\/span>\n    \n<\/p>\n<p class=\"wysija-paragraph\">\n    \n    \n    \t<input type=\"text\" name=\"wysija[user][email]\" class=\"wysija-input validate[required,custom[email]]\" title=\"E-mail\" placeholder=\"E-mail\" value=\"\" \/>\n    \n    \n    \n    <span class=\"abs-req\">\n        <input type=\"text\" name=\"wysija[user][abs][email]\" class=\"wysija-input validated[abs][email]\" value=\"\" \/>\n    <\/span>\n    \n<\/p>\n\r\n<input class=\"wysija-submit wysija-submit-field\" type=\"submit\" value=\"Je m&#039;abonne !\" \/>\n\n    <input type=\"hidden\" name=\"form_id\" value=\"1\" \/>\n    <input type=\"hidden\" name=\"action\" value=\"save\" \/>\n    <input type=\"hidden\" name=\"controller\" value=\"subscribers\" \/>\n    <input type=\"hidden\" value=\"1\" name=\"wysija-page\" \/>\n\n    \n        <input type=\"hidden\" name=\"wysija[user_list][list_ids]\" value=\"3\" \/>\n    \n <\/form><\/div>\n<p><\/div><\/div><\/div><\/section>\r\n          <div class=\"clearfix\"><\/div><\/p>\n<div class=\"clearfix\"><\/div>\r\n          <section class=\"inner-section clearfix add-top-half align-center\" ><div class=\"container\"><div class=\"row \" ><div class=\"layout-column col-md-12 \" ><nav class=\"cl-effect-10 btn-dignity-animated\"><a data-hover=\"Accueil\" href=\"http:\/\/www.ex-o-tic.com\/v3#piscines\" class=\"\" ><span>Termin\u00e9 ?<\/span><\/a><\/nav><\/div><\/div><\/div><\/section>\r\n          <div class=\"clearfix\"><\/div>\n","protected":false},"excerpt":{"rendered":"","protected":false},"author":1,"featured_media":0,"parent":0,"menu_order":0,"comment_status":"closed","ping_status":"open","template":"","meta":{"_mi_skip_tracking":false},"_links":{"self":[{"href":"http:\/\/www.ex-o-tic.com\/v3\/wp-json\/wp\/v2\/pages\/249"}],"collection":[{"href":"http:\/\/www.ex-o-tic.com\/v3\/wp-json\/wp\/v2\/pages"}],"about":[{"href":"http:\/\/www.ex-o-tic.com\/v3\/wp-json\/wp\/v2\/types\/page"}],"author":[{"embeddable":true,"href":"http:\/\/www.ex-o-tic.com\/v3\/wp-json\/wp\/v2\/users\/1"}],"replies":[{"embeddable":true,"href":"http:\/\/www.ex-o-tic.com\/v3\/wp-json\/wp\/v2\/comments?post=249"}],"version-history":[{"count":10,"href":"http:\/\/www.ex-o-tic.com\/v3\/wp-json\/wp\/v2\/pages\/249\/revisions"}],"predecessor-version":[{"id":260,"href":"http:\/\/www.ex-o-tic.com\/v3\/wp-json\/wp\/v2\/pages\/249\/revisions\/260"}],"wp:attachment":[{"href":"http:\/\/www.ex-o-tic.com\/v3\/wp-json\/wp\/v2\/media?parent=249"}],"curies":[{"name":"wp","href":"https:\/\/api.w.org\/{rel}","templated":true}]}}